{"id":19589,"date":"2021-01-25T07:15:43","date_gmt":"2021-01-25T07:15:43","guid":{"rendered":"https:\/\/bgmotorsports.ca\/inventaire-des-locations\/"},"modified":"2026-03-03T15:40:16","modified_gmt":"2026-03-03T15:40:16","slug":"inventaire-des-locations","status":"publish","type":"page","link":"https:\/\/bgmotorsports.ca\/fr\/inventaire-des-locations\/","title":{"rendered":"Inventaire des locations"},"content":{"rendered":"<p>[vc_row full_width=\u00a0\u00bbstretch_row_content_no_spaces\u00a0\u00bb custom_responsive_option=\u00a0\u00bbon\u00a0\u00bb css=\u00a0\u00bb.vc_custom_1612065579862{margin-top: -125px !important;}\u00a0\u00bb responsive_css=\u00a0\u00bbmargin_top_mobile:-50px\u00a0\u00bb][vc_column]<div class=\"fl-vc-custom-title-container text-center custom-title\" ><div class=\"custom-title-content-wrapper\"><div class=\"fl-subtitle-vc fl-font-style-semi-bolt vc-custom-sub-title\" >Check Out Our Inventory Of<\/div><h2 class=\"fl-title-vc vc-custom-title fl-font-style-bolt\" >Location de <strong>motoneiges<\/strong><\/h2><\/div><\/div><div class=\"fl-vc-responsive--gap cf\"  style=height:25px;><\/div>[\/vc_column][\/vc_row][vc_row full_width=\u00a0\u00bbstretch_row_content_no_spaces\u00a0\u00bb bg_theme_color=\u00a0\u00bbbg-dark-color\u00a0\u00bb][vc_column desktop_bg_image_position=\u00a0\u00bbbg-position-center-center\u00a0\u00bb offset=\u00a0\u00bbvc_col-xs-12&Prime;][vc_single_image image=\u00a0\u00bb19576&Prime; img_size=\u00a0\u00bblarge\u00a0\u00bb alignment=\u00a0\u00bbcenter\u00a0\u00bb img_hover_effects=\u00a0\u00bbfl_img_zoom_out\u00a0\u00bb animation=\u00a0\u00bbexpandIn\u00a0\u00bb][\/vc_column][\/vc_row][vc_row][vc_column]<div class=\"fl-vc-responsive--gap cf\"  style=height:50px;><\/div><div class=\"fl-vc-custom-title-container text-left\" ><h2 class=\"fl-title-vc vc-default-title fl-font-style-bolt\" >Mod\u00e8les actuels en stock<\/h2><\/div><div class=\"fl-vc-custom-title-container text-center\" ><h3 class=\"fl-title-vc vc-default-title fl-font-style-bolt\" >Nouveau pour 2026 : Demandez-nous les mod\u00e8les de direction assist\u00e9e disponibles !<\/h3><\/div>[\/vc_column][\/vc_row][vc_row][vc_column width=\u00a0\u00bb1\/2&Prime;]<div class=\"fl-vc-content-container-wrapper fl-custom-container-69df73113dad5-4733\" ><div class=\"container\"><div class=\"container-entry-content row\"><div class=\"col-12\"><div class=\"fl_custom_text__block fl-custom-text-69df73113db9d-7794 fl-animated-item-velocity\"  data-animate-type=\"fadeIn\"><h4>Yamaha Venture 4-Stroke<\/h4>\n<\/div>[vc_single_image image=\u00a0\u00bb19546&Prime; animation=\u00a0\u00bbfadeIn\u00a0\u00bb]<div class=\"fl-vc-responsive--gap cf\"  style=height:50px;><\/div><\/div><\/div><\/div><\/div><div class=\"fl-vc-content-container-wrapper fl-custom-container-69df73113dc52-4440\" ><div class=\"container\"><div class=\"container-entry-content row\"><div class=\"col-12\"><div class=\"fl_custom_text__block fl-custom-text-69df73113dce4-9954 fl-animated-item-velocity\"  data-animate-type=\"fadeIn\"><h4>Yamaha SRX<\/h4>\n<p>(Les tra\u00eeneaux des propri\u00e9taires ne sont pas disponibles \u00e0 la location)<\/p>\n<\/div><div class=\"fl-vc-responsive--gap cf\"  style=height:50px;><\/div>[vc_single_image image=\u00a0\u00bb19575&Prime; animation=\u00a0\u00bbfadeIn\u00a0\u00bb]<\/div><\/div><\/div><\/div>[\/vc_column][vc_column width=\u00a0\u00bb1\/2&Prime;]<div class=\"fl-vc-content-container-wrapper fl-custom-container-69df73113dd78-2326\" ><div class=\"container\"><div class=\"container-entry-content row\"><div class=\"col-12\"><div class=\"fl_custom_text__block fl-custom-text-69df73113ddd9-8106 fl-animated-item-velocity\"  data-animate-type=\"fadeIn\"><h4>Yamaha Venture 4-Stroke<\/h4>\n<\/div>[vc_single_image image=\u00a0\u00bb19571&Prime; animation=\u00a0\u00bbfadeIn\u00a0\u00bb]<div class=\"fl-vc-responsive--gap cf fl-responsive-gap-69df73113de1e-4091 fl-vc--responsive\"   data-responsive-target='fl-responsive-gap-69df73113de1e-4091'  data-responsive-param='{\"height\":\"desktop:75px;\"}'  style=height:50px;><\/div><\/div><\/div><\/div><\/div><div class=\"fl-vc-content-container-wrapper fl-custom-container-69df73113de5b-505\" ><div class=\"container\"><div class=\"container-entry-content row\"><div class=\"col-12\"><div class=\"fl_custom_text__block fl-custom-text-69df73113dead-7257 fl-animated-item-velocity\"  data-animate-type=\"fadeIn\"><h4>Yamaha Venture 4-Stroke<\/h4>\n<\/div><div class=\"fl-vc-responsive--gap cf\"  style=height:50px;><\/div>[vc_single_image image=\u00a0\u00bb19572&Prime; animation=\u00a0\u00bbfadeIn\u00a0\u00bb]<\/div><\/div><\/div><\/div>[\/vc_column][\/vc_row][vc_row][vc_column]<div class=\"fl-vc-custom-title-container text-left\" ><h2 class=\"fl-title-vc vc-default-title fl-font-style-bolt\" ><\/p>\n<p style=\"text-align: center;\">Questions fr\u00e9quemment pos\u00e9es<\/p>\n<p><\/h2><\/div><div class=\"fl-vc-responsive--gap cf\"  style=height:25px;><\/div>[\/vc_column][\/vc_row][vc_row][vc_column width=\u00a0\u00bb1\/3&Prime; css=\u00a0\u00bb.vc_custom_1614106777944{padding-top: 0px !important;}\u00a0\u00bb]<div class=\"fl-vc-icon-box\" ><div class=\"icon-box-style-three\"><div class=\"top-content\"><i class=\"fas fa-stopwatch\"><\/i><\/div><div class=\"bottom-content-wrap\"><h6 class=\"icon-title-content\">Quelle est la dur\u00e9e de la location ?<\/h6><div class=\"bottom-content\">Your rental is from 8am until 8pm, and includes <b>unlimited mileage<\/b>. Multi-day rentals must be returned by 8pm on the final day or your rental.<\/div><\/div><\/div><\/div><div class=\"fl-vc-responsive--gap cf\"  style=height:30px;><\/div>[\/vc_column][vc_column width=\u00a0\u00bb1\/3&Prime;]<div class=\"fl-vc-icon-box\" ><div class=\"icon-box-style-three\"><div class=\"top-content\"><i class=\"fas fa-map-signs\"><\/i><\/div><div class=\"bottom-content-wrap\"><h6 class=\"icon-title-content\">Est ce que j&rsquo;ai besoin d&rsquo;une passe de sentier?<\/h6><div class=\"bottom-content\">All machines carry a NBFSC Trail Pass <b> included with your rental!<\/b> This means you are free to ride on any trail in New Brunswick!<\/div><\/div><\/div><\/div><div class=\"fl-vc-responsive--gap cf\"  style=height:30px;><\/div>[\/vc_column][vc_column width=\u00a0\u00bb1\/3&Prime;]<div class=\"fl-vc-icon-box\" ><div class=\"icon-box-style-three\"><div class=\"top-content\"><i class=\"fas fa-car-crash\"><\/i><\/div><div class=\"bottom-content-wrap\"><h6 class=\"icon-title-content\">L&rsquo;assurance est-elle incluse ?<\/h6><div class=\"bottom-content\">All machines are covered with mandatory trail insurance. The machines do not carry collision coverage, therefore any damage is the sole responsibility of the renter.  All machines are subject to inspection upon return. Any damage is the sole responsibility of the renter.<\/div><\/div><\/div><\/div><div class=\"fl-vc-responsive--gap cf\"  style=height:30px;><\/div>[\/vc_column][\/vc_row][vc_row][vc_column width=\u00a0\u00bb1\/6&Prime;][\/vc_column][vc_column width=\u00a0\u00bb1\/3&Prime;]<div class=\"fl-vc-icon-box\" ><div class=\"icon-box-style-three\"><div class=\"top-content\"><i class=\"fas fa-user-friends\"><\/i><\/div><div class=\"bottom-content-wrap\"><h6 class=\"icon-title-content\">Quel \u00e2ge dois-je avoir ?<\/h6><div class=\"bottom-content\">All renters must be <b>21 years of age or older<\/b>, and hold a valid driver\u2019s license.<\/div><\/div><\/div><\/div><div class=\"fl-vc-responsive--gap cf\"  style=height:30px;><\/div>[\/vc_column][vc_column width=\u00a0\u00bb1\/3&Prime;]<div class=\"fl-vc-icon-box\" ><div class=\"icon-box-style-three\"><div class=\"top-content\"><i class=\"far fa-question-circle\"><\/i><\/div><div class=\"bottom-content-wrap\"><h6 class=\"icon-title-content\">Y a-t-il autre chose que je devrais savoir ?<\/h6><div class=\"bottom-content\">Renter is solely responsible to return machine to pick-up location under all circumstances (including collision, incident or breakdown)<\/div><\/div><\/div><\/div><div class=\"fl-vc-responsive--gap cf\"  style=height:30px;><\/div>[\/vc_column][vc_column width=\u00a0\u00bb1\/6&Prime;][\/vc_column][\/vc_row][vc_row full_width=\u00a0\u00bbstretch_row\u00a0\u00bb gap=\u00a0\u00bb2&Prime; bg_theme_color=\u00a0\u00bbbg-dark-color\u00a0\u00bb top_position=\u00a0\u00bb10px\u00a0\u00bb css=\u00a0\u00bb.vc_custom_1772551901494{margin-bottom: -50px !important;padding-top: 75px !important;padding-bottom: 50px !important;}\u00a0\u00bb][vc_column width=\u00a0\u00bb8\/12&Prime; column_animation=\u00a0\u00bbslideRightBigIn\u00a0\u00bb custom_responsive_option=\u00a0\u00bbon\u00a0\u00bb responsive_css=\u00a0\u00bbmargin_bottom_tablet:25px\u00a0\u00bb]<div class=\"fl-vc-custom-title-container text-left\" ><h2 class=\"fl-title-vc vc-default-title fl-font-style-bolt fl-custom-title-69df73113e2dd-4115\" >R\u00e9servez d\u00e8s maintenant votre location de motoneige !<\/h2><\/div><div class=\"fl-vc-responsive--gap cf fl-responsive-gap-69df73113e320-6643 fl-vc--responsive\"   data-responsive-target='fl-responsive-gap-69df73113e320-6643'  data-responsive-param='{\"height\":\"tablet:25px;mobile:25px;\"}'  style=height:0px;><\/div>[\/vc_column][vc_column width=\u00a0\u00bb1\/3&Prime;]<div class=\"fl-button-wrapper-vc fl-animated-item-velocity text-center \"  data-animate-type=\"slideLeftIn\"><div class=\"fl-button primary-button dark-hover-bg-button \" ><a class=\"fl-vc-button\"  href=\"mailto:brad@bgmotorsports.ca?subject=Snowmobile%20Rental&amp;body=Hi%20Brad%2C%0D%0A%0D%0AI%20was%20on%20your%20website%20and%20want%20to%20know%20more%20about%20renting%20a%20snowmobile.\" title=\"Tap here to send us an email!\">Tap here to send us an email!<\/a><\/div><\/div><div class=\"fl-vc-responsive--gap cf fl-responsive-gap-69df73113e3e6-5306 fl-vc--responsive\"   data-responsive-target='fl-responsive-gap-69df73113e3e6-5306'  data-responsive-param='{\"height\":\"tablet:25px;mobile:25px;\"}'  style=height:30px;><\/div><div class=\"fl-button-wrapper-vc fl-animated-item-velocity text-center \"  data-animate-type=\"slideLeftIn\"><div class=\"fl-button primary-button dark-hover-bg-button \" ><a class=\"fl-vc-button\"  href=\"sms:5067601960;?&amp;body=Hi,%20I%20was%20on%20your%20website%20and%20want%20to%20know%20more%20about%20renting%20a%20snowmobile.\" title=\"Click here to send us a text!\">Tap here to send us a text!<\/a><\/div><\/div><div class=\"fl-vc-responsive--gap cf fl-responsive-gap-69df73113e470-4816 fl-vc--responsive\"   data-responsive-target='fl-responsive-gap-69df73113e470-4816'  data-responsive-param='{\"height\":\"tablet:25px;mobile:25px;\"}'  style=height:30px;><\/div><div class=\"fl-button-wrapper-vc vc_custom_1612062423463 fl-animated-item-velocity text-center \"  data-animate-type=\"slideLeftIn\"><div class=\"fl-button primary-button dark-hover-bg-button \" ><a class=\"fl-vc-button\"  href=\"tel:5067601960\" title=\"Click here to give us a call!\">Tap here to give us a call!<\/a><\/div><\/div>[\/vc_column][\/vc_row]<\/p>\n","protected":false},"excerpt":{"rendered":"<p>[vc_row full_width=\u00a0\u00bbstretch_row_content_no_spaces\u00a0\u00bb custom_responsive_option=\u00a0\u00bbon\u00a0\u00bb css=\u00a0\u00bb.vc_custom_1612065579862{margin-top: -125px !important;}\u00a0\u00bb responsive_css=\u00a0\u00bbmargin_top_mobile:-50px\u00a0\u00bb][vc_column][\/vc_column][\/vc_row][vc_row full_width=\u00a0\u00bbstretch_row_content_no_spaces\u00a0\u00bb bg_theme_color=\u00a0\u00bbbg-dark-color\u00a0\u00bb][vc_column desktop_bg_image_position=\u00a0\u00bbbg-position-center-center\u00a0\u00bb offset=\u00a0\u00bbvc_col-xs-12&Prime;][vc_single_image image=\u00a0\u00bb19576&Prime; img_size=\u00a0\u00bblarge\u00a0\u00bb alignment=\u00a0\u00bbcenter\u00a0\u00bb img_hover_effects=\u00a0\u00bbfl_img_zoom_out\u00a0\u00bb animation=\u00a0\u00bbexpandIn\u00a0\u00bb][\/vc_column][\/vc_row][vc_row][vc_column][\/vc_column][\/vc_row][vc_row][vc_column width=\u00a0\u00bb1\/2&Prime;][\/vc_column][vc_column width=\u00a0\u00bb1\/2&Prime;][\/vc_column][\/vc_row][vc_row][vc_column][\/vc_column][\/vc_row][vc_row][vc_column width=\u00a0\u00bb1\/3&Prime; css=\u00a0\u00bb.vc_custom_1614106777944{padding-top: 0px !important;}\u00a0\u00bb][\/vc_column][vc_column width=\u00a0\u00bb1\/3&Prime;][\/vc_column][vc_column width=\u00a0\u00bb1\/3&Prime;][\/vc_column][\/vc_row][vc_row][vc_column width=\u00a0\u00bb1\/6&Prime;][\/vc_column][vc_column width=\u00a0\u00bb1\/3&Prime;][\/vc_column][vc_column width=\u00a0\u00bb1\/3&Prime;][\/vc_column][vc_column width=\u00a0\u00bb1\/6&Prime;][\/vc_column][\/vc_row][vc_row full_width=\u00a0\u00bbstretch_row\u00a0\u00bb gap=\u00a0\u00bb2&Prime; bg_theme_color=\u00a0\u00bbbg-dark-color\u00a0\u00bb top_position=\u00a0\u00bb10px\u00a0\u00bb css=\u00a0\u00bb.vc_custom_1772551901494{margin-bottom: -50px !important;padding-top: 75px !important;padding-bottom: 50px !important;}\u00a0\u00bb][vc_column width=\u00a0\u00bb8\/12&Prime; column_animation=\u00a0\u00bbslideRightBigIn\u00a0\u00bb custom_responsive_option=\u00a0\u00bbon\u00a0\u00bb responsive_css=\u00a0\u00bbmargin_bottom_tablet:25px\u00a0\u00bb][\/vc_column][vc_column width=\u00a0\u00bb1\/3&Prime;][\/vc_column][\/vc_row]<\/p>\n","protected":false},"author":1,"featured_media":0,"parent":0,"menu_order":0,"comment_status":"closed","ping_status":"closed","template":"","meta":{"footnotes":""},"class_list":["post-19589","page","type-page","status-publish","hentry"],"yoast_head":"<!-- This site is optimized with the Yoast SEO plugin v27.1.1 - https:\/\/yoast.com\/product\/yoast-seo-wordpress\/ -->\n<title>Inventaire des locations - B&amp;G Motorsports<\/title>\n<meta name=\"robots\" content=\"index, follow, max-snippet:-1, max-image-preview:large, max-video-preview:-1\" \/>\n<link rel=\"canonical\" href=\"https:\/\/bgmotorsports.ca\/fr\/inventaire-des-locations\/\" \/>\n<meta property=\"og:locale\" content=\"fr_FR\" \/>\n<meta property=\"og:type\" content=\"article\" \/>\n<meta property=\"og:title\" content=\"Inventaire des locations - B&amp;G Motorsports\" \/>\n<meta property=\"og:description\" content=\"[vc_row full_width=\u00a0\u00bbstretch_row_content_no_spaces\u00a0\u00bb custom_responsive_option=\u00a0\u00bbon\u00a0\u00bb css=\u00a0\u00bb.vc_custom_1612065579862{margin-top: -125px !important;}\u00a0\u00bb responsive_css=\u00a0\u00bbmargin_top_mobile:-50px\u00a0\u00bb][vc_column][\/vc_column][\/vc_row][vc_row full_width=\u00a0\u00bbstretch_row_content_no_spaces\u00a0\u00bb bg_theme_color=\u00a0\u00bbbg-dark-color\u00a0\u00bb][vc_column desktop_bg_image_position=\u00a0\u00bbbg-position-center-center\u00a0\u00bb offset=\u00a0\u00bbvc_col-xs-12&Prime;][vc_single_image image=\u00a0\u00bb19576&Prime; img_size=\u00a0\u00bblarge\u00a0\u00bb alignment=\u00a0\u00bbcenter\u00a0\u00bb img_hover_effects=\u00a0\u00bbfl_img_zoom_out\u00a0\u00bb animation=\u00a0\u00bbexpandIn\u00a0\u00bb][\/vc_column][\/vc_row][vc_row][vc_column][\/vc_column][\/vc_row][vc_row][vc_column width=\u00a0\u00bb1\/2&Prime;][\/vc_column][vc_column width=\u00a0\u00bb1\/2&Prime;][\/vc_column][\/vc_row][vc_row][vc_column][\/vc_column][\/vc_row][vc_row][vc_column width=\u00a0\u00bb1\/3&Prime; css=\u00a0\u00bb.vc_custom_1614106777944{padding-top: 0px !important;}\u00a0\u00bb][\/vc_column][vc_column width=\u00a0\u00bb1\/3&Prime;][\/vc_column][vc_column width=\u00a0\u00bb1\/3&Prime;][\/vc_column][\/vc_row][vc_row][vc_column width=\u00a0\u00bb1\/6&Prime;][\/vc_column][vc_column width=\u00a0\u00bb1\/3&Prime;][\/vc_column][vc_column width=\u00a0\u00bb1\/3&Prime;][\/vc_column][vc_column width=\u00a0\u00bb1\/6&Prime;][\/vc_column][\/vc_row][vc_row full_width=\u00a0\u00bbstretch_row\u00a0\u00bb gap=\u00a0\u00bb2&Prime; bg_theme_color=\u00a0\u00bbbg-dark-color\u00a0\u00bb top_position=\u00a0\u00bb10px\u00a0\u00bb css=\u00a0\u00bb.vc_custom_1772551901494{margin-bottom: -50px !important;padding-top: 75px !important;padding-bottom: 50px !important;}\u00a0\u00bb][vc_column width=\u00a0\u00bb8\/12&Prime; column_animation=\u00a0\u00bbslideRightBigIn\u00a0\u00bb custom_responsive_option=\u00a0\u00bbon\u00a0\u00bb responsive_css=\u00a0\u00bbmargin_bottom_tablet:25px\u00a0\u00bb][\/vc_column][vc_column width=\u00a0\u00bb1\/3&Prime;][\/vc_column][\/vc_row]\" \/>\n<meta property=\"og:url\" content=\"https:\/\/bgmotorsports.ca\/fr\/inventaire-des-locations\/\" \/>\n<meta property=\"og:site_name\" content=\"B&amp;G Motorsports\" \/>\n<meta property=\"article:publisher\" content=\"https:\/\/www.facebook.com\/BGMotorsports.ca\" \/>\n<meta property=\"article:modified_time\" content=\"2026-03-03T15:40:16+00:00\" \/>\n<meta property=\"og:image\" content=\"https:\/\/i0.wp.com\/bgmotorsports.ca\/wp-content\/uploads\/2019\/07\/OG-Image.jpg?fit=1200%2C1200&ssl=1\" \/>\n\t<meta property=\"og:image:width\" content=\"1200\" \/>\n\t<meta property=\"og:image:height\" content=\"1200\" \/>\n\t<meta property=\"og:image:type\" content=\"image\/jpeg\" \/>\n<meta name=\"twitter:card\" content=\"summary_large_image\" \/>\n<meta name=\"twitter:label1\" content=\"Dur\u00e9e de lecture estim\u00e9e\" \/>\n\t<meta name=\"twitter:data1\" content=\"2 minutes\" \/>\n<script type=\"application\/ld+json\" class=\"yoast-schema-graph\">{\"@context\":\"https:\/\/schema.org\",\"@graph\":[{\"@type\":\"WebPage\",\"@id\":\"https:\/\/bgmotorsports.ca\/fr\/inventaire-des-locations\/\",\"url\":\"https:\/\/bgmotorsports.ca\/fr\/inventaire-des-locations\/\",\"name\":\"Inventaire des locations - B&amp;G Motorsports\",\"isPartOf\":{\"@id\":\"https:\/\/bgmotorsports.ca\/fr\/#website\"},\"datePublished\":\"2021-01-25T07:15:43+00:00\",\"dateModified\":\"2026-03-03T15:40:16+00:00\",\"breadcrumb\":{\"@id\":\"https:\/\/bgmotorsports.ca\/fr\/inventaire-des-locations\/#breadcrumb\"},\"inLanguage\":\"fr-FR\",\"potentialAction\":[{\"@type\":\"ReadAction\",\"target\":[\"https:\/\/bgmotorsports.ca\/fr\/inventaire-des-locations\/\"]}]},{\"@type\":\"BreadcrumbList\",\"@id\":\"https:\/\/bgmotorsports.ca\/fr\/inventaire-des-locations\/#breadcrumb\",\"itemListElement\":[{\"@type\":\"ListItem\",\"position\":1,\"name\":\"Home\",\"item\":\"https:\/\/bgmotorsports.ca\/fr\/accueil\/\"},{\"@type\":\"ListItem\",\"position\":2,\"name\":\"Inventaire des locations\"}]},{\"@type\":\"WebSite\",\"@id\":\"https:\/\/bgmotorsports.ca\/fr\/#website\",\"url\":\"https:\/\/bgmotorsports.ca\/fr\/\",\"name\":\"B&amp;G Motorsports\",\"description\":\"Le choix num\u00e9ro 1 pour la location de motoneiges au Nouveau Brunswick\",\"publisher\":{\"@id\":\"https:\/\/bgmotorsports.ca\/fr\/#organization\"},\"potentialAction\":[{\"@type\":\"SearchAction\",\"target\":{\"@type\":\"EntryPoint\",\"urlTemplate\":\"https:\/\/bgmotorsports.ca\/fr\/?s={search_term_string}\"},\"query-input\":{\"@type\":\"PropertyValueSpecification\",\"valueRequired\":true,\"valueName\":\"search_term_string\"}}],\"inLanguage\":\"fr-FR\"},{\"@type\":\"Organization\",\"@id\":\"https:\/\/bgmotorsports.ca\/fr\/#organization\",\"name\":\"B&G Motorsports\",\"url\":\"https:\/\/bgmotorsports.ca\/fr\/\",\"logo\":{\"@type\":\"ImageObject\",\"inLanguage\":\"fr-FR\",\"@id\":\"https:\/\/bgmotorsports.ca\/fr\/#\/schema\/logo\/image\/\",\"url\":\"https:\/\/i0.wp.com\/bgmotorsports.ca\/wp-content\/uploads\/2019\/07\/OG-Image.jpg?fit=1200%2C1200\",\"contentUrl\":\"https:\/\/i0.wp.com\/bgmotorsports.ca\/wp-content\/uploads\/2019\/07\/OG-Image.jpg?fit=1200%2C1200\",\"width\":1200,\"height\":1200,\"caption\":\"B&G Motorsports\"},\"image\":{\"@id\":\"https:\/\/bgmotorsports.ca\/fr\/#\/schema\/logo\/image\/\"},\"sameAs\":[\"https:\/\/www.facebook.com\/BGMotorsports.ca\"]}]}<\/script>\n<!-- \/ Yoast SEO plugin. -->","yoast_head_json":{"title":"Inventaire des locations - B&amp;G Motorsports","robots":{"index":"index","follow":"follow","max-snippet":"max-snippet:-1","max-image-preview":"max-image-preview:large","max-video-preview":"max-video-preview:-1"},"canonical":"https:\/\/bgmotorsports.ca\/fr\/inventaire-des-locations\/","og_locale":"fr_FR","og_type":"article","og_title":"Inventaire des locations - B&amp;G Motorsports","og_description":"[vc_row full_width=\u00a0\u00bbstretch_row_content_no_spaces\u00a0\u00bb custom_responsive_option=\u00a0\u00bbon\u00a0\u00bb css=\u00a0\u00bb.vc_custom_1612065579862{margin-top: -125px !important;}\u00a0\u00bb responsive_css=\u00a0\u00bbmargin_top_mobile:-50px\u00a0\u00bb][vc_column][\/vc_column][\/vc_row][vc_row full_width=\u00a0\u00bbstretch_row_content_no_spaces\u00a0\u00bb bg_theme_color=\u00a0\u00bbbg-dark-color\u00a0\u00bb][vc_column desktop_bg_image_position=\u00a0\u00bbbg-position-center-center\u00a0\u00bb offset=\u00a0\u00bbvc_col-xs-12&Prime;][vc_single_image image=\u00a0\u00bb19576&Prime; img_size=\u00a0\u00bblarge\u00a0\u00bb alignment=\u00a0\u00bbcenter\u00a0\u00bb img_hover_effects=\u00a0\u00bbfl_img_zoom_out\u00a0\u00bb animation=\u00a0\u00bbexpandIn\u00a0\u00bb][\/vc_column][\/vc_row][vc_row][vc_column][\/vc_column][\/vc_row][vc_row][vc_column width=\u00a0\u00bb1\/2&Prime;][\/vc_column][vc_column width=\u00a0\u00bb1\/2&Prime;][\/vc_column][\/vc_row][vc_row][vc_column][\/vc_column][\/vc_row][vc_row][vc_column width=\u00a0\u00bb1\/3&Prime; css=\u00a0\u00bb.vc_custom_1614106777944{padding-top: 0px !important;}\u00a0\u00bb][\/vc_column][vc_column width=\u00a0\u00bb1\/3&Prime;][\/vc_column][vc_column width=\u00a0\u00bb1\/3&Prime;][\/vc_column][\/vc_row][vc_row][vc_column width=\u00a0\u00bb1\/6&Prime;][\/vc_column][vc_column width=\u00a0\u00bb1\/3&Prime;][\/vc_column][vc_column width=\u00a0\u00bb1\/3&Prime;][\/vc_column][vc_column width=\u00a0\u00bb1\/6&Prime;][\/vc_column][\/vc_row][vc_row full_width=\u00a0\u00bbstretch_row\u00a0\u00bb gap=\u00a0\u00bb2&Prime; bg_theme_color=\u00a0\u00bbbg-dark-color\u00a0\u00bb top_position=\u00a0\u00bb10px\u00a0\u00bb css=\u00a0\u00bb.vc_custom_1772551901494{margin-bottom: -50px !important;padding-top: 75px !important;padding-bottom: 50px !important;}\u00a0\u00bb][vc_column width=\u00a0\u00bb8\/12&Prime; column_animation=\u00a0\u00bbslideRightBigIn\u00a0\u00bb custom_responsive_option=\u00a0\u00bbon\u00a0\u00bb responsive_css=\u00a0\u00bbmargin_bottom_tablet:25px\u00a0\u00bb][\/vc_column][vc_column width=\u00a0\u00bb1\/3&Prime;][\/vc_column][\/vc_row]","og_url":"https:\/\/bgmotorsports.ca\/fr\/inventaire-des-locations\/","og_site_name":"B&amp;G Motorsports","article_publisher":"https:\/\/www.facebook.com\/BGMotorsports.ca","article_modified_time":"2026-03-03T15:40:16+00:00","og_image":[{"width":1200,"height":1200,"url":"https:\/\/i0.wp.com\/bgmotorsports.ca\/wp-content\/uploads\/2019\/07\/OG-Image.jpg?fit=1200%2C1200&ssl=1","type":"image\/jpeg"}],"twitter_card":"summary_large_image","twitter_misc":{"Dur\u00e9e de lecture estim\u00e9e":"2 minutes"},"schema":{"@context":"https:\/\/schema.org","@graph":[{"@type":"WebPage","@id":"https:\/\/bgmotorsports.ca\/fr\/inventaire-des-locations\/","url":"https:\/\/bgmotorsports.ca\/fr\/inventaire-des-locations\/","name":"Inventaire des locations - B&amp;G Motorsports","isPartOf":{"@id":"https:\/\/bgmotorsports.ca\/fr\/#website"},"datePublished":"2021-01-25T07:15:43+00:00","dateModified":"2026-03-03T15:40:16+00:00","breadcrumb":{"@id":"https:\/\/bgmotorsports.ca\/fr\/inventaire-des-locations\/#breadcrumb"},"inLanguage":"fr-FR","potentialAction":[{"@type":"ReadAction","target":["https:\/\/bgmotorsports.ca\/fr\/inventaire-des-locations\/"]}]},{"@type":"BreadcrumbList","@id":"https:\/\/bgmotorsports.ca\/fr\/inventaire-des-locations\/#breadcrumb","itemListElement":[{"@type":"ListItem","position":1,"name":"Home","item":"https:\/\/bgmotorsports.ca\/fr\/accueil\/"},{"@type":"ListItem","position":2,"name":"Inventaire des locations"}]},{"@type":"WebSite","@id":"https:\/\/bgmotorsports.ca\/fr\/#website","url":"https:\/\/bgmotorsports.ca\/fr\/","name":"B&amp;G Motorsports","description":"Le choix num\u00e9ro 1 pour la location de motoneiges au Nouveau Brunswick","publisher":{"@id":"https:\/\/bgmotorsports.ca\/fr\/#organization"},"potentialAction":[{"@type":"SearchAction","target":{"@type":"EntryPoint","urlTemplate":"https:\/\/bgmotorsports.ca\/fr\/?s={search_term_string}"},"query-input":{"@type":"PropertyValueSpecification","valueRequired":true,"valueName":"search_term_string"}}],"inLanguage":"fr-FR"},{"@type":"Organization","@id":"https:\/\/bgmotorsports.ca\/fr\/#organization","name":"B&G Motorsports","url":"https:\/\/bgmotorsports.ca\/fr\/","logo":{"@type":"ImageObject","inLanguage":"fr-FR","@id":"https:\/\/bgmotorsports.ca\/fr\/#\/schema\/logo\/image\/","url":"https:\/\/i0.wp.com\/bgmotorsports.ca\/wp-content\/uploads\/2019\/07\/OG-Image.jpg?fit=1200%2C1200","contentUrl":"https:\/\/i0.wp.com\/bgmotorsports.ca\/wp-content\/uploads\/2019\/07\/OG-Image.jpg?fit=1200%2C1200","width":1200,"height":1200,"caption":"B&G Motorsports"},"image":{"@id":"https:\/\/bgmotorsports.ca\/fr\/#\/schema\/logo\/image\/"},"sameAs":["https:\/\/www.facebook.com\/BGMotorsports.ca"]}]}},"jetpack_sharing_enabled":true,"_links":{"self":[{"href":"https:\/\/bgmotorsports.ca\/fr\/wp-json\/wp\/v2\/pages\/19589","targetHints":{"allow":["GET"]}}],"collection":[{"href":"https:\/\/bgmotorsports.ca\/fr\/wp-json\/wp\/v2\/pages"}],"about":[{"href":"https:\/\/bgmotorsports.ca\/fr\/wp-json\/wp\/v2\/types\/page"}],"author":[{"embeddable":true,"href":"https:\/\/bgmotorsports.ca\/fr\/wp-json\/wp\/v2\/users\/1"}],"replies":[{"embeddable":true,"href":"https:\/\/bgmotorsports.ca\/fr\/wp-json\/wp\/v2\/comments?post=19589"}],"version-history":[{"count":26,"href":"https:\/\/bgmotorsports.ca\/fr\/wp-json\/wp\/v2\/pages\/19589\/revisions"}],"predecessor-version":[{"id":19683,"href":"https:\/\/bgmotorsports.ca\/fr\/wp-json\/wp\/v2\/pages\/19589\/revisions\/19683"}],"wp:attachment":[{"href":"https:\/\/bgmotorsports.ca\/fr\/wp-json\/wp\/v2\/media?parent=19589"}],"curies":[{"name":"wp","href":"https:\/\/api.w.org\/{rel}","templated":true}]}}